{"id":1201,"date":"2023-11-10T00:10:33","date_gmt":"2023-11-10T00:10:33","guid":{"rendered":"https:\/\/rthomasg.com\/?page_id=1201"},"modified":"2026-04-15T00:21:08","modified_gmt":"2026-04-15T00:21:08","slug":"about","status":"publish","type":"page","link":"https:\/\/rthomasg.com\/en\/about\/","title":{"rendered":"About me"},"content":{"rendered":"\t\t<div data-elementor-type=\"wp-page\" data-elementor-id=\"1201\" class=\"elementor elementor-1201\" data-elementor-post-type=\"page\">\n\t\t\t\t\t\t\t<div class=\"elementor-element elementor-element-8dbbfde e-flex e-con-boxed elementor-invisible e-con e-parent\" data-id=\"8dbbfde\" data-element_type=\"container\" data-settings=\"{&quot;background_background&quot;:&quot;classic&quot;,&quot;motion_fx_motion_fx_scrolling&quot;:&quot;yes&quot;,&quot;motion_fx_translateY_effect&quot;:&quot;yes&quot;,&quot;animation&quot;:&quot;fadeIn&quot;,&quot;content_width&quot;:&quot;boxed&quot;,&quot;motion_fx_translateY_speed&quot;:{&quot;unit&quot;:&quot;px&quot;,&quot;size&quot;:4,&quot;sizes&quot;:[]},&quot;motion_fx_translateY_affectedRange&quot;:{&quot;unit&quot;:&quot;%&quot;,&quot;size&quot;:&quot;&quot;,&quot;sizes&quot;:{&quot;start&quot;:0,&quot;end&quot;:100}},&quot;motion_fx_devices&quot;:[&quot;widescreen&quot;,&quot;desktop&quot;,&quot;laptop&quot;,&quot;tablet_extra&quot;,&quot;tablet&quot;,&quot;mobile_extra&quot;,&quot;mobile&quot;]}\" data-core-v316-plus=\"true\">\n\t\t\t\t\t<div class=\"e-con-inner\">\n\t\t\t\t<div class=\"elementor-element elementor-element-904bb66 elementor-widget elementor-widget-heading\" data-id=\"904bb66\" data-element_type=\"widget\" data-widget_type=\"heading.default\">\n\t\t\t\t<div class=\"elementor-widget-container\">\n\t\t\t<style>\/*! elementor - v3.17.0 - 01-11-2023 *\/\n.elementor-heading-title{padding:0;margin:0;line-height:1}.elementor-widget-heading .elementor-heading-title[class*=elementor-size-]>a{color:inherit;font-size:inherit;line-height:inherit}.elementor-widget-heading .elementor-heading-title.elementor-size-small{font-size:15px}.elementor-widget-heading .elementor-heading-title.elementor-size-medium{font-size:19px}.elementor-widget-heading .elementor-heading-title.elementor-size-large{font-size:29px}.elementor-widget-heading .elementor-heading-title.elementor-size-xl{font-size:39px}.elementor-widget-heading .elementor-heading-title.elementor-size-xxl{font-size:59px}<\/style><h2 class=\"elementor-heading-title elementor-size-default\">CON\u00d3CEME<\/h2>\t\t<\/div>\n\t\t\t\t<\/div>\n\t\t\t\t\t<\/div>\n\t\t\t\t<\/div>\n\t\t<div class=\"elementor-element elementor-element-358d760 e-flex e-con-boxed elementor-invisible e-con e-parent\" data-id=\"358d760\" data-element_type=\"container\" data-settings=\"{&quot;motion_fx_motion_fx_scrolling&quot;:&quot;yes&quot;,&quot;motion_fx_translateY_effect&quot;:&quot;yes&quot;,&quot;animation&quot;:&quot;fadeIn&quot;,&quot;content_width&quot;:&quot;boxed&quot;,&quot;motion_fx_translateY_speed&quot;:{&quot;unit&quot;:&quot;px&quot;,&quot;size&quot;:4,&quot;sizes&quot;:[]},&quot;motion_fx_translateY_affectedRange&quot;:{&quot;unit&quot;:&quot;%&quot;,&quot;size&quot;:&quot;&quot;,&quot;sizes&quot;:{&quot;start&quot;:0,&quot;end&quot;:100}},&quot;motion_fx_devices&quot;:[&quot;widescreen&quot;,&quot;desktop&quot;,&quot;laptop&quot;,&quot;tablet_extra&quot;,&quot;tablet&quot;,&quot;mobile_extra&quot;,&quot;mobile&quot;]}\" data-core-v316-plus=\"true\">\n\t\t\t\t\t<div class=\"e-con-inner\">\n\t\t\t\t<div class=\"elementor-element elementor-element-e670dc8 elementor-widget-tablet_extra__width-initial elementor-widget-tablet__width-initial elementor-widget-mobile_extra__width-initial elementor-widget elementor-widget-text-editor\" data-id=\"e670dc8\" data-element_type=\"widget\" data-widget_type=\"text-editor.default\">\n\t\t\t\t<div class=\"elementor-widget-container\">\n\t\t\t<style>\/*! elementor - v3.17.0 - 01-11-2023 *\/\n.elementor-widget-text-editor.elementor-drop-cap-view-stacked .elementor-drop-cap{background-color:#69727d;color:#fff}.elementor-widget-text-editor.elementor-drop-cap-view-framed .elementor-drop-cap{color:#69727d;border:3px solid;background-color:transparent}.elementor-widget-text-editor:not(.elementor-drop-cap-view-default) .elementor-drop-cap{margin-top:8px}.elementor-widget-text-editor:not(.elementor-drop-cap-view-default) .elementor-drop-cap-letter{width:1em;height:1em}.elementor-widget-text-editor .elementor-drop-cap{float:left;text-align:center;line-height:1;font-size:50px}.elementor-widget-text-editor .elementor-drop-cap-letter{display:inline-block}<\/style>\t\t\t\t<p>Soy originario de Xalapa, Veracruz, y estoy establecido en la Ciudad de M\u00e9xico.<\/p><p>Desarrollo conceptos desde la esencia del mensaje hasta su ejecuci\u00f3n, alineando direcci\u00f3n creativa con objetivos reales.<\/p><p data-start=\"836\" data-end=\"998\">Participo en proyectos que van de lo personal a lo comercial. En cada uno, siempre dejo mi sello: <strong>verdad con eficiencia.<\/strong><\/p><p data-start=\"836\" data-end=\"998\"><strong>\u00a0<\/strong><\/p><p data-start=\"836\" data-end=\"998\">&#8220;ARRAIGO QUE SIEMBRA FUTURO&#8221;<\/p>\t\t\t\t\t\t<\/div>\n\t\t\t\t<\/div>\n\t\t\t\t\t<\/div>\n\t\t\t\t<\/div>\n\t\t\t\t\t\t\t<\/div>\n\t\t","protected":false},"excerpt":{"rendered":"<p>CON\u00d3CEME Soy originario de Xalapa, Veracruz, y estoy establecido en la Ciudad de M\u00e9xico. Desarrollo conceptos desde la esencia del mensaje hasta su ejecuci\u00f3n, alineando direcci\u00f3n creativa con objetivos reales. Participo en proyectos que van de lo personal a lo comercial. En cada uno, siempre dejo mi sello: verdad con eficiencia. \u00a0 &#8220;ARRAIGO QUE SIEMBRA [&hellip;]<\/p>\n","protected":false},"author":1,"featured_media":0,"parent":0,"menu_order":0,"comment_status":"closed","ping_status":"closed","template":"","meta":{"footnotes":""},"aioseo_notices":[],"rttpg_featured_image_url":null,"rttpg_author":{"display_name":"ramontgodos","author_link":"https:\/\/rthomasg.com\/en\/author\/ramontgodos\/"},"rttpg_comment":0,"rttpg_category":null,"rttpg_excerpt":"CON\u00d3CEME Soy originario de Xalapa, Veracruz, y estoy establecido en la Ciudad de M\u00e9xico. Desarrollo conceptos desde la esencia del mensaje hasta su ejecuci\u00f3n, alineando direcci\u00f3n creativa con objetivos reales. Participo en proyectos que van de lo personal a lo comercial. En cada uno, siempre dejo mi sello: verdad con eficiencia. \u00a0 &#8220;ARRAIGO QUE SIEMBRA&hellip;","_links":{"self":[{"href":"https:\/\/rthomasg.com\/en\/wp-json\/wp\/v2\/pages\/1201"}],"collection":[{"href":"https:\/\/rthomasg.com\/en\/wp-json\/wp\/v2\/pages"}],"about":[{"href":"https:\/\/rthomasg.com\/en\/wp-json\/wp\/v2\/types\/page"}],"author":[{"embeddable":true,"href":"https:\/\/rthomasg.com\/en\/wp-json\/wp\/v2\/users\/1"}],"replies":[{"embeddable":true,"href":"https:\/\/rthomasg.com\/en\/wp-json\/wp\/v2\/comments?post=1201"}],"version-history":[{"count":190,"href":"https:\/\/rthomasg.com\/en\/wp-json\/wp\/v2\/pages\/1201\/revisions"}],"predecessor-version":[{"id":2683,"href":"https:\/\/rthomasg.com\/en\/wp-json\/wp\/v2\/pages\/1201\/revisions\/2683"}],"wp:attachment":[{"href":"https:\/\/rthomasg.com\/en\/wp-json\/wp\/v2\/media?parent=1201"}],"curies":[{"name":"wp","href":"https:\/\/api.w.org\/{rel}","templated":true}]}}